{"id":99,"date":"2017-01-22T12:57:40","date_gmt":"2017-01-22T15:57:40","guid":{"rendered":"http:\/\/www.neuroepigenetica.qb.fcen.uba.ar\/labo_wp\/?page_id=99"},"modified":"2023-01-19T19:46:55","modified_gmt":"2023-01-19T22:46:55","slug":"tesis","status":"publish","type":"page","link":"http:\/\/www.neuroepigenetica.qb.fcen.uba.ar\/?page_id=99","title":{"rendered":"Tesis Doctorales"},"content":{"rendered":"<h2>En curso<\/h2>\n<p><strong>Erika Georgieff. Licenciada en Ciencias Biol\u00f3gicas. Beca doctoral CONICET<\/strong><\/p>\n<hr \/>\n<p><strong>Octavio Gianatiempo. Licenciado en Ciencias Biol\u00f3gicas. Beca doctoral CONICET.<\/strong><br \/>\n&#8220;<em>Alteraci\u00f3n de mecanismos epigen\u00e9ticos involucrados en la regulaci\u00f3n de la transcripci\u00f3n de genes de expresi\u00f3n temprana y su papel en las deficiencias cognitivas derivadas de un estr\u00e9s nutricional perinatal&#8221;<\/em><\/p>\n<p>Director: Eduardo T. C\u00e1nepa<\/p>\n<hr \/>\n<hr \/>\n<h2>Finalizadas<\/h2>\n<p><strong>Carolina D. Alberca Doto. Licenciada en Ciencias Biol\u00f3gicas.\u00a0<\/strong><br \/>\n<em>\u201cMecanismos moleculares asociados a las consecuencias comportamentales de la malnutrici\u00f3n proteica perinatal: Estrategias de reversi\u00f3n\u201d<\/em><\/p>\n<p>Directores: Eduardo T. C\u00e1nepa y Mariela Chertoff<br \/>\nCalificaci\u00f3n: Sobresaliente<br \/>\nFecha de defensa: septiembre 2021<\/p>\n<hr \/>\n<p><strong>Nadina M. Ferroni. Licenciada en Ciencias Biol\u00f3gicas.\u00a0<\/strong><br \/>\n<em>&#8220;Declinaci\u00f3n de capacidades cognitivas y envejecimiento prematuro en ratones sujetos a malnutrici\u00f3n proteica&#8221;<\/em><\/p>\n<p>Director: Eduardo T. C\u00e1nepa y Silvina V. Sonzogni<br \/>\nCalificaci\u00f3n: Sobresaliente<br \/>\nFecha de defensa: junio 2021<\/p>\n<hr \/>\n<p><strong>Estefan\u00eda A. Fesser. Licenciada en Gen\u00e9tica.\u00a0<\/strong><br \/>\n<em>&#8220;Deficiencias en la cognici\u00f3n social asociadas a la malnutrici\u00f3n proteica perinatal en un modelo murino&#8221;<\/em><\/p>\n<p>Director: Eduardo T. C\u00e1nepa<br \/>\nCalificaci\u00f3n: Sobresaliente<br \/>\nFecha de defensa: marzo 2020<\/p>\n<hr \/>\n<p><strong>Bruno G. Berardino. Licenciado en Ciencias Biol\u00f3gicas<\/strong><br \/>\n<em>&#8220;Rol de los microARNs en el establecimiento de los d\u00e9ficits cognitivos y emotivos derivados de una malnutrici\u00f3n proteica perinatal&#8221;<\/em><\/p>\n<p>Director: Eduardo T. C\u00e1nepa<br \/>\nCalificaci\u00f3n: Sobresaliente<br \/>\nFecha de defensa: marzo 2017<\/p>\n<hr \/>\n<p><strong>Daniela S. Castillo. Licenciada en Ciencias Biol\u00f3gicas.<\/strong><br \/>\n&#8220;<em>Mecanismos regulatorios de E2F1 y E2F2 en la repuesta al da\u00f1o al DNA y su participaci\u00f3n en el mantenimiento de la integridad gen\u00f3mica&#8221;<\/em><\/p>\n<p>Director: Nicol\u00e1s Pregi.<br \/>\nCalificaci\u00f3n: Sobresaliente<br \/>\nFecha de defensa: marzo 2015<\/p>\n<hr \/>\n<p><strong>Laura M. Belluscio. Licenciada en Ciencias Biol\u00f3gicas.<\/strong><br \/>\n<em>&#8220;Malnutrici\u00f3n proteica como modelo de adversidad perinatal y su influencia sobre el desarrollo de capacidades cognitivas y socioemotivas&#8221;<\/em><\/p>\n<p>Director: Eduardo T. C\u00e1nepa<br \/>\nCalificaci\u00f3n: Sobresaliente<br \/>\nFecha de defensa: marzo 2014<\/p>\n<hr \/>\n<p><strong>Mar\u00eda F. Ogara. Licenciada en Ciencias Biol\u00f3gicas.<\/strong><br \/>\n<em>&#8220;Mecanismos de activaci\u00f3n de p19INK4d y su papel como factor neuroprotector frente a la injuria genot\u00f3xica&#8221;<\/em><\/p>\n<p>Director: Eduardo T. C\u00e1nepa<br \/>\nCalificaci\u00f3n: Sobresaliente<br \/>\nFecha de defensa: marzo 2012<\/p>\n<hr \/>\n<p>S<strong>ilvina V. Sonzogni. Licenciada en Gen\u00e9tica.<\/strong><br \/>\n<em>&#8220;Participaci\u00f3n de p19INK4d en la inducci\u00f3n de senescencia genot\u00f3xica y replicativa&#8221;<\/em><\/p>\n<p>Director: Eduardo T. C\u00e1nepa<br \/>\nCalificaci\u00f3n: Sobresaliente<br \/>\nFecha de defensa: marzo 2012<\/p>\n<hr \/>\n<p><strong>Mariela C. Marazita. Licenciada en Ciencias Biol\u00f3gicas.<\/strong><br \/>\n<em>&#8220;p19INK4d, activada por fosforilaci\u00f3n secuencial, es cr\u00edtica para el mantenimiento de la integridad del genoma&#8221;<\/em><\/p>\n<p>Director: Eduardo T. C\u00e1nepa y Omar P. Pignataro<br \/>\nCalificaci\u00f3n: Sobresaliente, con menci\u00f3n especial del jurado<br \/>\nFecha de defensa: marzo 2010<\/p>\n<hr \/>\n<p><strong>Abel L. Carcagno. Licenciado en Ciencias Biol\u00f3gicas.<\/strong><br \/>\n&#8220;<em>Regulaci\u00f3n de la expresi\u00f3n del gen de la p19INK4d y su relaci\u00f3n con la proliferaci\u00f3n celular y el mantenimiento de la integridad del DNA&#8221;<\/em><\/p>\n<p>Director: Eduardo T. C\u00e1nepa<br \/>\nCalificaci\u00f3n: Sobresaliente, con menci\u00f3n especial del jurado<br \/>\nFecha de defensa: marzo 2009<\/p>\n<hr \/>\n<p><strong>Julieta M. Ceruti. Licenciada en Ciencias Biol\u00f3gicas.<\/strong><br \/>\n<em>&#8220;Prote\u00ednas INK4 en el mantenimiento de la integridad del genoma. Participaci\u00f3n de p19INK4den los mecanismos de reparaci\u00f3n del DNA en c\u00e9lulas neuronales&#8221;<\/em><\/p>\n<p>Director: Eduardo T. C\u00e1nepa<br \/>\nCalificaci\u00f3n: Sobresaliente<br \/>\nFecha de defensa: marzo 2007<\/p>\n<h2><\/h2>\n","protected":false},"excerpt":{"rendered":"<p>En curso Erika Georgieff. Licenciada en Ciencias Biol\u00f3gicas. Beca doctoral CONICET Octavio Gianatiempo. Licenciado en Ciencias Biol\u00f3gicas. Beca doctoral CONICET. &#8220;Alteraci\u00f3n de mecanismos epigen\u00e9ticos involucrados en la regulaci\u00f3n de la transcripci\u00f3n de genes de expresi\u00f3n temprana y su papel en las deficiencias cognitivas derivadas de un estr\u00e9s nutricional perinatal&#8221; Director: Eduardo T. C\u00e1nepa Finalizadas Carolina &#8230; <a title=\"Tesis Doctorales\" class=\"read-more\" href=\"http:\/\/www.neuroepigenetica.qb.fcen.uba.ar\/?page_id=99\">Leer m\u00e1s<\/a><\/p>\n","protected":false},"author":1,"featured_media":0,"parent":0,"menu_order":0,"comment_status":"closed","ping_status":"closed","template":"","meta":[],"_links":{"self":[{"href":"http:\/\/www.neuroepigenetica.qb.fcen.uba.ar\/index.php?rest_route=\/wp\/v2\/pages\/99"}],"collection":[{"href":"http:\/\/www.neuroepigenetica.qb.fcen.uba.ar\/index.php?rest_route=\/wp\/v2\/pages"}],"about":[{"href":"http:\/\/www.neuroepigenetica.qb.fcen.uba.ar\/index.php?rest_route=\/wp\/v2\/types\/page"}],"author":[{"embeddable":true,"href":"http:\/\/www.neuroepigenetica.qb.fcen.uba.ar\/index.php?rest_route=\/wp\/v2\/users\/1"}],"replies":[{"embeddable":true,"href":"http:\/\/www.neuroepigenetica.qb.fcen.uba.ar\/index.php?rest_route=%2Fwp%2Fv2%2Fcomments&post=99"}],"version-history":[{"count":8,"href":"http:\/\/www.neuroepigenetica.qb.fcen.uba.ar\/index.php?rest_route=\/wp\/v2\/pages\/99\/revisions"}],"predecessor-version":[{"id":533,"href":"http:\/\/www.neuroepigenetica.qb.fcen.uba.ar\/index.php?rest_route=\/wp\/v2\/pages\/99\/revisions\/533"}],"wp:attachment":[{"href":"http:\/\/www.neuroepigenetica.qb.fcen.uba.ar\/index.php?rest_route=%2Fwp%2Fv2%2Fmedia&parent=99"}],"curies":[{"name":"wp","href":"https:\/\/api.w.org\/{rel}","templated":true}]}}