{"id":90,"date":"2017-01-22T12:47:13","date_gmt":"2017-01-22T15:47:13","guid":{"rendered":"http:\/\/www.neuroepigenetica.qb.fcen.uba.ar\/labo_wp\/?page_id=90"},"modified":"2017-01-22T12:47:13","modified_gmt":"2017-01-22T15:47:13","slug":"cooperacion","status":"publish","type":"page","link":"http:\/\/www.neuroepigenetica.qb.fcen.uba.ar\/?page_id=90","title":{"rendered":"Cooperaci\u00f3n"},"content":{"rendered":"<h3>Laboratorio de Psicolog\u00eda Experimental y Neurociencias<\/h3>\n<p>Instituto de Neurolog\u00eda Cognitiva (INECO)<br \/>\nAgust\u00edn Ib\u00e1\u00f1ez<\/p>\n<p><em>\u201cEfectos del Consumo de Pasta de Coca\u00edna en la Epigen\u00e9tica, la Conectividad Cerebral, el Funcionamiento de los L\u00f3bulos Frontales y la Cognici\u00f3n Social\u201d<\/em><\/p>\n<p>Proyecto en ejecuci\u00f3n<\/p>\n<hr \/>\n<h3>Centro de Im\u00e1genes Moleculares<\/h3>\n<p>Fundaci\u00f3n para la Lucha contra las Enfermedades Neurol\u00f3gicas de la Infancia (FLENI)<br \/>\nGerm\u00e1n Falasco \u2013 Leandro Urrutia<\/p>\n<p><em>\u201cDeterminaci\u00f3n de las \u00e1reas cerebrales afectadas en su actividad neuronal por malnutrici\u00f3n proteica mediante tomograf\u00eda de emisi\u00f3n de positrones (PET)\u201d<\/em><\/p>\n<p>Proyecto comenzado en ejecuci\u00f3n<\/p>\n<hr \/>\n<h3>John P. Hussman Institute for Human Genomics<\/h3>\n<p>University of Miami, EEUU<br \/>\nJuan I. Young<\/p>\n<p><em>\u201cIntegrating epigenomics and neuroimaging in a protein malnutrition model during vulnerability periods: Basis of the persistence of cognitive deficiencies\u201d<\/em><\/p>\n<p>Proyecto en elaboraci\u00f3n<\/p>\n<hr \/>\n<h3>Laboratory for Research in Genetic Instability<\/h3>\n<p>Institute of Cellular and Molecular Radiation Biology<br \/>\nJuan Pablo Radicella<br \/>\nCommisariat \u00e0 l\u2019\u00e9nergie atomique &#8211; Fontenay-aux-roses, France<br \/>\nConvenio Bilateral Argentina-Francia &#8211; MINCyT &#8211; ECOS<\/p>\n<p>Proyecto finalizado<\/p>\n","protected":false},"excerpt":{"rendered":"<p>Laboratorio de Psicolog\u00eda Experimental y Neurociencias Instituto de Neurolog\u00eda Cognitiva (INECO) Agust\u00edn Ib\u00e1\u00f1ez \u201cEfectos del Consumo de Pasta de Coca\u00edna en la Epigen\u00e9tica, la Conectividad Cerebral, el Funcionamiento de los L\u00f3bulos Frontales y la Cognici\u00f3n Social\u201d Proyecto en ejecuci\u00f3n Centro de Im\u00e1genes Moleculares Fundaci\u00f3n para la Lucha contra las Enfermedades Neurol\u00f3gicas de la Infancia (FLENI) &#8230; <a title=\"Cooperaci\u00f3n\" class=\"read-more\" href=\"http:\/\/www.neuroepigenetica.qb.fcen.uba.ar\/?page_id=90\">Leer m\u00e1s<\/a><\/p>\n","protected":false},"author":1,"featured_media":0,"parent":0,"menu_order":0,"comment_status":"closed","ping_status":"closed","template":"","meta":[],"_links":{"self":[{"href":"http:\/\/www.neuroepigenetica.qb.fcen.uba.ar\/index.php?rest_route=\/wp\/v2\/pages\/90"}],"collection":[{"href":"http:\/\/www.neuroepigenetica.qb.fcen.uba.ar\/index.php?rest_route=\/wp\/v2\/pages"}],"about":[{"href":"http:\/\/www.neuroepigenetica.qb.fcen.uba.ar\/index.php?rest_route=\/wp\/v2\/types\/page"}],"author":[{"embeddable":true,"href":"http:\/\/www.neuroepigenetica.qb.fcen.uba.ar\/index.php?rest_route=\/wp\/v2\/users\/1"}],"replies":[{"embeddable":true,"href":"http:\/\/www.neuroepigenetica.qb.fcen.uba.ar\/index.php?rest_route=%2Fwp%2Fv2%2Fcomments&post=90"}],"version-history":[{"count":0,"href":"http:\/\/www.neuroepigenetica.qb.fcen.uba.ar\/index.php?rest_route=\/wp\/v2\/pages\/90\/revisions"}],"wp:attachment":[{"href":"http:\/\/www.neuroepigenetica.qb.fcen.uba.ar\/index.php?rest_route=%2Fwp%2Fv2%2Fmedia&parent=90"}],"curies":[{"name":"wp","href":"https:\/\/api.w.org\/{rel}","templated":true}]}}