{"id":65,"date":"2017-01-22T12:24:32","date_gmt":"2017-01-22T15:24:32","guid":{"rendered":"http:\/\/www.neuroepigenetica.qb.fcen.uba.ar\/labo_wp\/?page_id=65"},"modified":"2022-01-24T19:03:27","modified_gmt":"2022-01-24T22:03:27","slug":"publicaciones","status":"publish","type":"page","link":"http:\/\/www.neuroepigenetica.qb.fcen.uba.ar\/?page_id=65","title":{"rendered":"Publicaciones"},"content":{"rendered":"<div class=\"docsum-wrap\">\n<h3 class=\"docsum-content\">&#8220;Impaired social cognition caused by perinatal protein malnutrition evokes neurodevelopmental disorder symptoms and is intergenerationally transmitted&#8221;<\/h3>\n<p>Estefan\u00eda A. Fesser, Octavio Gianatiempo, Bruno G. Berardino, Carolina D. Alberca, Leandro Urrutia, Germ\u00e1n Falasco,&nbsp; Silvina V. Sonzogni, Mariela Chertoff, Eduardo T. C\u00e1nepa<br \/>\nExp Neurol. 2022 Jan;347:113911. <a href=\"https:\/\/pubmed.ncbi.nlm.nih.gov\/34767796\/\">PubMed<\/a><\/p>\n<hr>\n<\/div>\n<div class=\"docsum-wrap\">\n<h3 class=\"docsum-content\">&#8220;Limited contextual memory and transcriptional dysregulation in the medial prefrontal cortex of mice exposed to early protein malnutrition are intergenerationally transmitted&#8221;<\/h3>\n<p>Estefan\u00eda A. Fesser, Octavio Gianatiempo, Bruno G. Berardino, Nadina M. Ferroni, Maite Cambiasso, Vanina A. Fontana, Juan C. Calvo Silvina V. Sonzogni, Eduardo T. C\u00e1nepa<br \/>\nJ Psychiatr Res. 2021 Jul;139:139-149. <a href=\"https:\/\/pubmed.ncbi.nlm.nih.gov\/34058653\/\">PubMed<\/a><\/p>\n<hr>\n<\/div>\n<div class=\"docsum-wrap\">\n<h3 class=\"docsum-content\">Perinatal protein malnutrition results in genome-wide disruptions of 5-hydroxymethylcytosine at regions that can be restored to control levels by an enriched environment<\/h3>\n<p>Alberca CD, Papale LA, Madrid A, Gianatiempo O,&nbsp;C\u00e1nepa ET, Alisch RS, Chertoff M<br \/>\nEpigenetics. 2021 Oct;16(10):1085-1101. <a href=\"https:\/\/pubmed.ncbi.nlm.nih.gov\/33172347\/\">PubMed<\/a><\/p>\n<hr>\n<\/div>\n<div class=\"docsum-wrap\">\n<h3 class=\"docsum-content\">&#8220;Perinatal protein malnutrition induces the emergence of enduring effects and age-related impairment behaviors, increasing the death risk in a mouse model&#8221;<\/h3>\n<p>Ferroni NM, Berardino BG, Belluscio LM, Fern\u00e1ndez MS, Fesser EA, Sonzogni SV, C\u00e1nepa ET.<br \/>\nNutr Neurosci. 2020 Oct 9:1-14.<a href=\"https:\/\/pubmed.ncbi.nlm.nih.gov\/33034271\/\"> PubMed<\/a><\/p>\n<hr>\n<\/div>\n<div class=\"docsum-wrap\">\n<h3 class=\"docsum-content\">&#8220;Nutritional stress timing differentially programs cognitive abilities in young adult male mice&#8221;<\/h3>\n<p>Bruno G. Berardino, Fabricio Ballarini, Mariela Chertoff, Lionel M. Igaz, Eduardo T. C\u00e1nepa<br \/>\nNutr Neurosci. 2020 Apr 20:1-13 <a href=\"https:\/\/pubmed.ncbi.nlm.nih.gov\/32308155\/\">PubMed<\/a><\/p>\n<hr>\n<h3>&#8220;Effects of cocaine base paste on anxiety-like behavior and immediate-early gene expression in nucleus accumbens and medial prefrontal cortex of female mice&#8221;<\/h3>\n<p>Bruno G. Berardino, Estefan\u00eda A. Fesser, Laura M. Belluscio, Octavio Gianatiempo, Nicol\u00e1s Pregi and Eduardo T. C\u00e1nepa<br \/>\nPsychopharmacology, en prensa<a href=\"https:\/\/www.ncbi.nlm.nih.gov\/pubmed\/31280332\"> PubMed<\/a><\/p>\n<hr>\n<h3>\u201cExposure to enriched environment rescues anxiety-like behavior and mRNA deregulated expression induced by perinatal malnutrition while altering oligodendrocyte morphology\u201d<\/h3>\n<p>Bruno G. Berardino, Mariela Chertoff, Octavio Gianatiempo, Carolina D. Alberca, Roc\u00edo Priegue, Ana Fiszbein, Patrick Long, Gabriel Corfas, and Eduardo T. C\u00e1nepa<br \/>\nNeuroscience 408 (2019), 115-134 <a href=\"https:\/\/www.ncbi.nlm.nih.gov\/pubmed\/30904666\">PubMed<\/a><\/p>\n<hr>\n<h3>&#8220;Multimodal neurocognitive markers of interoceptive tuning in smoked cocaine&#8221;<\/h3>\n<p>Laura de la Fuente, Lucas Sede\u00f1o, Sofia Schurmann, Camila Ellmann, Silvina Sonzogni, Laura Belluscio, Indira Garc\u00eda-Cordero, Eugenia Castagnaro, Magdalena Boano, Marcelo Cetkovitch, Teresa Torralva, Eduardo C\u00e1nepa, Enzo Tagliazucchi, Adolfo Garcia, and Agustin Iba\u00f1ez<br \/>\nNeuropsychopharmacology 2019&nbsp;<a href=\"https:\/\/www.ncbi.nlm.nih.gov\/pubmed\/30867552\">PubMed<\/a><\/p>\n<hr>\n<h3>&#8220;Intergenerational transmission of maternal care deficiency and offspring development delay induced by perinatal protein malnutrition&#8221;<\/h3>\n<p>Octavio Gianatiempo, Silvina V. Sonzogni, Estefan\u00eda A. Fesser, Laura M. Belluscio, Ezequiel Smucler, Mariela R. Sued and Eduardo T. C\u00e1nepa<br \/>\nNutr. Neurosci. 18 (2018) 1-11 <a href=\"https:\/\/www.ncbi.nlm.nih.gov\/pubmed\/30124115\">PubMed<\/a><\/p>\n<hr>\n<h3>&#8220;Perinatal protein malnutrition alters expression of miRNA biogenesis genes Xpo5 and Ago2 in mice brain&#8221;<\/h3>\n<p>Bruno G. Berardino, Estefan\u00eda A. Fesser and Eduardo T. C\u00e1nepa<br \/>\nNeurosci Lett 647 (2017) 38-44. <a href=\"https:\/\/www.ncbi.nlm.nih.gov\/pubmed\/28300636\">PubMed<\/a><\/p>\n<hr>\n<h3>\u201cOxidative stress-induced CREB upregulation promotes DNA damage repair prior to neuronal cell-death protection\u201d<\/h3>\n<p>Nicol\u00e1s Pregi, Laura M. Belluscio, Bruno G. Berardino, Daniela S. Castillo and Eduardo T. C\u00e1nepa<br \/>\nMol Cell Biochem 425 (2017) 9-24. <a href=\"https:\/\/www.ncbi.nlm.nih.gov\/pubmed\/27816995\">PubMed<\/a><\/p>\n<hr>\n<h3>\u201cAltered gene expression in hippocampus and depressive-like behavior in young adult female mice by early protein malnutrition\u201d<\/h3>\n<p>Laura M. Belluscio, Carolina D. Alberca, Nicol\u00e1s Pregi and Eduardo T. C\u00e1nepa<br \/>\nGenes Brain and Behavior 15 (2016), 741-749. <a href=\"https:\/\/www.ncbi.nlm.nih.gov\/pubmed\/27555088\">PubMed<\/a><\/p>\n<hr>\n<h3>&#8220;Nuclear translocation of p19INK4d in response to oxidative DNA damage promotes chromatin relaxation&#8221;<\/h3>\n<p>Silvina V. Sonzogni, Mar\u00eda F. Ogara, Daniela S. Castillo, Pablo F. Sirkin, J. Pablo Radicella, Eduardo T. C\u00e1nepa.<br \/>\nMolecular and Cellular Biochemistry 398 (2015) (1-2):63-72. <a href=\"http:\/\/www.ncbi.nlm.nih.gov\/pubmed\/25204969\">PubMed<\/a>.<\/p>\n<hr>\n<h3>&#8220;E2F1 and E2F2 induction in response to DNA damage preserves genomic stability in neuronal cells&#8221;<\/h3>\n<p>Daniela S. Castillo, Anna Campalans, Laura M. Belluscio, Abel L. Carcagno, J. Pablo Radicella, Eduardo T. C\u00e1nepa, Nicol\u00e1s Pregi<br \/>\nCell Cycle 14 (2015), 1300-1314. <a href=\"http:\/\/www.ncbi.nlm.nih.gov\/pubmed\/25892555\">PubMed<\/a>.<\/p>\n<hr>\n<h3>&#8220;Early protein malnutrition negatively impacts physical growth and neurological reflexes and evokes anxiety and depressive-like behaviors&#8221;<\/h3>\n<p>Laura M. Belluscio, Bruno G. Berardino, Nadina M. Ferroni, Julieta M. Ceruti, Eduardo T. C\u00e1nepa.<br \/>\nPhysiology &amp; Behavior 129 (2014) 237\u2013254. <a href=\"http:\/\/www.ncbi.nlm.nih.gov\/pubmed\/24607933http:\/\/www.ncbi.nlm.nih.gov\/pubmed\/24607933\">PubMed<\/a>.<\/p>\n<hr>\n<h3>&#8220;CDK5-mediated phosphorylation of p19INK4d avoids DNA damage-induced neurodegeneration in mouse hippocampus and prevents loss of cognitive functions&#8221;<\/h3>\n<p>Mar\u00eda F Ogara, Laura M Belluscio, Ver\u00f3nica de la Fuente, Bruno G Berardino, Silvina V Sonzogni, Laura Byk, Mariela C Marazita, Eduardo Tom\u00e1s C\u00e1nepa.<br \/>\nBBA &#8211; Molecular Cell Research 1843(7) (2014) 1309-1324. <a href=\"https:\/\/www.ncbi.nlm.nih.gov\/pubmed\/24703879\">PubMed<\/a><\/p>\n<hr>\n<h3>&#8220;p19INK4d is involved in the cellular senescence mechanism contributing to heterochromatin formation&#8221;<\/h3>\n<p>Silvina V. Sonzogni, Mar\u00eda Florencia Ogara, Laura M. Belluscio, Daniela S. Castillo, Mar\u00eda E. Scassa, Eduardo T. C\u00e1nepa.<br \/>\nBiochimica et Biophysica Acta 1840(7) (2014) 2171-2183. <a href=\"https:\/\/www.ncbi.nlm.nih.gov\/pubmed\/24667034\">PubMed<\/a><\/p>\n<hr>\n<h3>&#8220;Chromatin relaxation-mediated induction of p19INK4d increases the ability of cells to repair damaged DNA&#8221;<\/h3>\n<p>Mar\u00eda F. Ogara, Pablo F. Sirkin, Abel L. Carcagno, Mariela C. Marazita, Silvina V. Sonzogni, Julieta M. Ceruti, and Eduardo T. C\u00e1nepa.<br \/>\nPlos One 8 (2013), e61143. <a href=\"https:\/\/www.ncbi.nlm.nih.gov\/pubmed\/23593412\">PubMed<\/a><\/p>\n<hr>\n<h3>&#8220;Inhibitor of growth 1 (ING1) acts at early steps of multiple DNA repair pathways&#8221;<\/h3>\n<p>Julieta M. Ceruti, Mar\u00eda F. Ogara, Camino Men\u00e9ndez, Ignacio Palmero and Eduardo T. C\u00e1nepa.<br \/>\nMolecular and Cellular Biochemistry 378 (2013), 117-126. <a href=\"https:\/\/www.ncbi.nlm.nih.gov\/pubmed\/23459830\">PubMed<\/a><\/p>\n<hr>\n<h3>&#8220;CDK2 and PKA mediated-sequential phosphorylation is critical for p19INKed function in the DNA damage response&#8221;<\/h3>\n<p>Mariela C. Marazita, Mar\u00eda F. Ogara, Silvina V. Sonzogni, Marcelo Mart\u00ed, Nelson J. Dusetti, Omar P. Pignataro and Eduardo T. C\u00e1nepa.<br \/>\nPlos One 7 (2012), e35638. <a href=\"https:\/\/www.ncbi.nlm.nih.gov\/pubmed\/22558186\">PubMed<\/a><\/p>\n<hr>\n<h3>&#8220;E2F1 induces p19INK4d, a protein involved in the DNA damage response, following UV irradiation&#8221;<\/h3>\n<p>Abel L. Carcagno, Luciana E. Giono, Mariela C. Marazita, Daniela S. Castillo, Nicol\u00e1s Pregi and Eduardo T. C\u00e1nepa.<br \/>\nMol Cell Biochem 366 (2012), 123-129. <a href=\"https:\/\/www.ncbi.nlm.nih.gov\/pubmed\/22476863\">PubMed<\/a><\/p>\n<hr>\n<h3>&#8220;E2F1-mediated upregulation of p19INK4d determines its periodic expression during cell cycle and regulates cellular proliferation&#8221;<\/h3>\n<p>Abel L. Carcagno, Mariela C. Marazita, Mar\u00eda F. Ogara, Julieta M. Ceruti, Silvina V. Sonzogni, Mar\u00eda E. Scassa, Luciana E. Giono and Eduardo T. C\u00e1nepa.<br \/>\nPlos One 6 (2011), e21938. <a href=\"https:\/\/www.ncbi.nlm.nih.gov\/pubmed\/21765927\">PubMed<\/a><\/p>\n<hr>\n<h3>&#8220;E2F1 transcription is induced by genotoxic stress through ATM\/ATR activation&#8221;<\/h3>\n<p>Abel L. Carcagno, Mar\u00eda F. Ogara, Silvina V. Sonzogni, Mariela C. Marazita, Pablo F. Sirkin, Julieta M. Ceruti and Eduardo T. C\u00e1nepa.<br \/>\nIUBMB Life 61 (2009), 537-543. <a href=\"https:\/\/www.ncbi.nlm.nih.gov\/pubmed\/19391166\">PubMed<\/a><\/p>\n<hr>\n<h3>&#8220;Transcriptional upregulation of p19INK4d upon diverse genotoxic stress is critical for optimal DNA damage response&#8221;<\/h3>\n<p>Julieta M. Ceruti, Mar\u00eda E. Scassa, Mariela C. Marazita, Abel L. Carcagno, Pablo F. Sirkin and Eduardo T. C\u00e1nepa.<br \/>\nInt. J. Biochem. Cell Biol. 41 (2009), 1344-1353. <a href=\"https:\/\/www.ncbi.nlm.nih.gov\/pubmed\/19130897\">PubMed<\/a><\/p>\n<hr>\n<h3>&#8220;INK4 proteins, a family of mammalian CDK inhibitors with novel biological functions&#8221;<\/h3>\n<p>Eduardo T. C\u00e1nepa, Mar\u0131a E. Scassa, Julieta M. Ceruti, Mariela M. Marazita, Abel L. Carcagno, Pablo F. Sirkin and Mar\u0131a F. Ogara.<br \/>\nIUBMB Life 59 (2007), 419-426. <a href=\"https:\/\/www.ncbi.nlm.nih.gov\/pubmed\/17654117\">PubMed<\/a><\/p>\n<hr>\n<h3>&#8220;Cell cycle inhibitor, p19INK4d, promotes cell survival and decreases chromosomal aberrations after genotoxic insult due to enhanced DNA repair&#8221;<\/h3>\n<p>Mar\u00eda E. Scassa, Mariela C. Marazita, Julieta M. Ceruti, Abel L. Carcagno, Pablo F. Sirkin, Marcela Gonz\u00e1lez-Cid, Omar P. Pignataro, and Eduardo T. C\u00e1nepa.<br \/>\nDNA Repair 6 (2007), 626-638. <a href=\"https:\/\/www.ncbi.nlm.nih.gov\/pubmed\/17218167\">PubMed<\/a><\/p>\n<hr>\n<h3>&#8220;Induction of p19INK4d in response to ultraviolet light improves DNA repair and confers resistance to apoptosis in neuroblastoma cells&#8221;<\/h3>\n<p>Julieta M. Ceruti, Mar\u00eda E. Scassa, Juan M. Fl\u00f3, Cecilia L. Varone, and Eduardo T. C\u00e1nepa.<br \/>\nOncogene 24 (2005), 4065-4080.<a href=\"https:\/\/www.ncbi.nlm.nih.gov\/pubmed\/15750620\"> PubMed<\/a><\/p>\n<hr>\n<\/div>\n","protected":false},"excerpt":{"rendered":"<p>&#8220;Impaired social cognition caused by perinatal protein malnutrition evokes neurodevelopmental disorder symptoms and is intergenerationally transmitted&#8221; Estefan\u00eda A. Fesser, Octavio Gianatiempo, Bruno G. Berardino, Carolina D. Alberca, Leandro Urrutia, Germ\u00e1n Falasco,&nbsp; Silvina V. Sonzogni, Mariela Chertoff, Eduardo T. C\u00e1nepa Exp Neurol. 2022 Jan;347:113911. PubMed &#8220;Limited contextual memory and transcriptional dysregulation in the medial prefrontal cortex &#8230; <a title=\"Publicaciones\" class=\"read-more\" href=\"http:\/\/www.neuroepigenetica.qb.fcen.uba.ar\/?page_id=65\">Leer m\u00e1s<\/a><\/p>\n","protected":false},"author":1,"featured_media":0,"parent":0,"menu_order":0,"comment_status":"closed","ping_status":"closed","template":"","meta":[],"_links":{"self":[{"href":"http:\/\/www.neuroepigenetica.qb.fcen.uba.ar\/index.php?rest_route=\/wp\/v2\/pages\/65"}],"collection":[{"href":"http:\/\/www.neuroepigenetica.qb.fcen.uba.ar\/index.php?rest_route=\/wp\/v2\/pages"}],"about":[{"href":"http:\/\/www.neuroepigenetica.qb.fcen.uba.ar\/index.php?rest_route=\/wp\/v2\/types\/page"}],"author":[{"embeddable":true,"href":"http:\/\/www.neuroepigenetica.qb.fcen.uba.ar\/index.php?rest_route=\/wp\/v2\/users\/1"}],"replies":[{"embeddable":true,"href":"http:\/\/www.neuroepigenetica.qb.fcen.uba.ar\/index.php?rest_route=%2Fwp%2Fv2%2Fcomments&post=65"}],"version-history":[{"count":13,"href":"http:\/\/www.neuroepigenetica.qb.fcen.uba.ar\/index.php?rest_route=\/wp\/v2\/pages\/65\/revisions"}],"predecessor-version":[{"id":477,"href":"http:\/\/www.neuroepigenetica.qb.fcen.uba.ar\/index.php?rest_route=\/wp\/v2\/pages\/65\/revisions\/477"}],"wp:attachment":[{"href":"http:\/\/www.neuroepigenetica.qb.fcen.uba.ar\/index.php?rest_route=%2Fwp%2Fv2%2Fmedia&parent=65"}],"curies":[{"name":"wp","href":"https:\/\/api.w.org\/{rel}","templated":true}]}}