{"id":43,"date":"2017-01-22T11:30:44","date_gmt":"2017-01-22T14:30:44","guid":{"rendered":"http:\/\/www.neuroepigenetica.qb.fcen.uba.ar\/labo_wp\/?page_id=43"},"modified":"2023-07-08T16:35:43","modified_gmt":"2023-07-08T19:35:43","slug":"grupo","status":"publish","type":"page","link":"http:\/\/www.neuroepigenetica.qb.fcen.uba.ar\/?page_id=43","title":{"rendered":"Grupo"},"content":{"rendered":"\n<div class=\"wp-block-group is-layout-constrained\"><div class=\"wp-block-group__inner-container\">\n<style type=\"text\/css\">#team-51{\r\n\t\t\t\t\t\tbackground:  url() repeat scroll 0 0;\r\n\t\t\t\t\t\ttext-align:center;\r\n\t\t\t\t\t\t}\r\n\t\t\t\t\t\t#team-51 .item{\r\n\t\t\t\t\t\t\r\n\t\t\t\t\t\ttext-align:center;\r\n\t\t\t\t\t\tmargin:15px;\r\n\t\t\t\t\t\t}\r\n\t\t\t\t\t\t\r\n\t\t\t\t@media only screen and (min-width: 1024px ) {\r\n\t\t\t\t#team-51 .item{width:280px}\r\n\t\t\t\t\r\n\t\t\t\t}\r\n\t\t\t\t\r\n\t\t\t\t@media only screen and ( min-width: 768px ) and ( max-width: 1023px ) {\r\n\t\t\t\t#team-51 .item{width:45%}\r\n\t\t\t\t}\r\n\t\t\t\t\r\n\t\t\t\t@media only screen and ( min-width: 320px ) and ( max-width: 767px ) {\r\n\t\t\t\t#team-51 .item{width:90%}\r\n\t\t\t\t}\r\n\t\t\t\t@media only screen and (min-width: 1024px ) {\r\n\t\t\t\t#team-51 .item .layer-media .team-thumb{max-height:10000px}\r\n\t\t\t\t\r\n\t\t\t\t}\r\n\t\t\t\t\r\n\t\t\t\t@media only screen and ( min-width: 768px ) and ( max-width: 1023px ) {\r\n\t\t\t\t#team-51 .item .layer-media .team-thumb{max-height:}\r\n\t\t\t\t}\r\n\t\t\t\t\r\n\t\t\t\t@media only screen and ( min-width: 0px ) and ( max-width: 767px ) {\r\n\t\t\t\t#team-51 .item .layer-media .team-thumb{max-height:}\r\n\t\t\t\t}#team-51 .team-social span {\r\n\t\t\t\t\t\t  width: auto !important;\r\n\t\t\t\t\t\t  height: auto !important;\r\n\t\t\t\t\t\t}.team-container #team-51{} .team-container #team-51 .team-item{} .team-container #team-51 .team-thumb{} .team-container #team-51 .team-title{} .team-container #team-51 .team-content{}#team-51 .paginate .page-numbers, #team-51 .paginate .pager {\r\n\t\t\t\tbackground: none repeat scroll 0 0 #2eb3f8 !important;\r\n\t\t\t\t}\r\n\t\t\t\t#team-51 .paginate .current, #team-51 .paginate .page-numbers:hover,#team-51 .paginate .pager.active,#team-51 .paginate .pager:hover  {\r\n\t\t\t\tbackground: none repeat scroll 0 0 #249bd9 !important;\r\n\t\t\t\t}\r\n\t\t\t\t<\/style><div id=\"team-51\" class=\"team-container\"><div class=\"team-items\"><div class=\"item skin  flat\" ><div class=\"layer-media\"><div class=\"team-thumb\"><img src=\"http:\/\/www.neuroepigenetica.qb.fcen.uba.ar\/wp-content\/uploads\/2017\/01\/edu.jpg\" \/><\/div><\/div><div class=\"layer-content\"><div class=\"team-title \" style=\"color:#333;font-size:14px\">Eduardo T. C\u00e1nepa<\/div><div class=\"team-position\" style=\"color:#333;font-size:13px\">Director<\/div><div class=\"team-content\" style=\"color:#333;font-size:13px;\"><p style=\"text-align: left;\">Eduardo es\u00a0Profesor asociado del Departamento de Qu\u00edmica Biol\u00f3gica e\u00a0Investigador Principal CONICET.<\/p><\/div><div class=\"team-social  flat\" ><\/div><\/div><\/div><div class=\"item skin  flat\" ><div class=\"layer-media\"><div class=\"team-thumb\"><img src=\"http:\/\/www.neuroepigenetica.qb.fcen.uba.ar\/wp-content\/uploads\/2017\/01\/nico.jpg\" \/><\/div><\/div><div class=\"layer-content\"><div class=\"team-title \" style=\"color:#333;font-size:14px\">Nicol\u00e1s Pregi<\/div><div class=\"team-content\" style=\"color:#333;font-size:13px;\"><p>Nicol\u00e1s es Profesor Adjunto UNSaM e Investigador Adjunto CONICET<\/p>\n<\/div><div class=\"team-social  flat\" ><\/div><\/div><\/div><div class=\"item skin  flat\" ><div class=\"layer-media\"><div class=\"team-thumb\"><img src=\"http:\/\/www.neuroepigenetica.qb.fcen.uba.ar\/wp-content\/uploads\/2017\/01\/marie.jpg\" \/><\/div><\/div><div class=\"layer-content\"><div class=\"team-title \" style=\"color:#333;font-size:14px\">Mariela Chertoff<\/div><div class=\"team-content\" style=\"color:#333;font-size:13px;\"><p>Mariela es Jefa de Trabajos Pr\u00e1cticos del Departamento de Qu\u00edmica Biol\u00f3gica e\u00a0Investigadora Asistente CONICET<\/p>\n<\/div><div class=\"team-social  flat\" ><\/div><\/div><\/div><div class=\"item skin  flat\" ><div class=\"layer-media\"><div class=\"team-thumb\"><img src=\"http:\/\/www.neuroepigenetica.qb.fcen.uba.ar\/wp-content\/uploads\/2017\/01\/silvi.jpg\" \/><\/div><\/div><div class=\"layer-content\"><div class=\"team-title \" style=\"color:#333;font-size:14px\">Silvina V. Sonzogni<\/div><div class=\"team-content\" style=\"color:#333;font-size:13px;\"><p>Silvina es\u00a0Investigadora Asistente CONICET<\/p>\n<\/div><div class=\"team-social  flat\" ><\/div><\/div><\/div><div class=\"item skin  flat\" ><div class=\"layer-media\"><div class=\"team-thumb\"><img src=\"http:\/\/www.neuroepigenetica.qb.fcen.uba.ar\/wp-content\/uploads\/2017\/01\/bruno.jpg\" \/><\/div><\/div><div class=\"layer-content\"><div class=\"team-title \" style=\"color:#333;font-size:14px\">Bruno G. Berardino<\/div><div class=\"team-content\" style=\"color:#333;font-size:13px;\"><p>Bruno es Jefe de Trabajos Pr\u00e1cticos del Departamento de Fisiolog\u00eda y Biolog\u00eda Molecular y Celular e Investigador Asistente CONICET<\/p>\n<\/div><div class=\"team-social  flat\" ><\/div><\/div><\/div><div class=\"item skin  flat\" ><div class=\"layer-media\"><\/div><div class=\"layer-content\"><div class=\"team-title \" style=\"color:#333;font-size:14px\"><\/div><div class=\"team-content\" style=\"color:#333;font-size:13px;\"><p><img decoding=\"async\" loading=\"lazy\" class=\"alignnone  wp-image-558\" src=\"http:\/\/www.neuroepigenetica.qb.fcen.uba.ar\/wp-content\/uploads\/2023\/07\/WhatsApp-Image-2023-07-08-at-16.47.30-300x300.jpeg\" alt=\"\" width=\"257\" height=\"257\" \/><\/p>\n<h5><strong>\u00a0 \u00a0 \u00a0 \u00a0 \u00a0 \u00a0Guillermina Garc\u00eda Viazzi<\/strong><\/h5>\n<p>Guillermina es Licenciada en Psicolog\u00eda y Becaria Inicial FONCyT<\/p>\n<p>Mail: guillerminag@hotmail.com<\/p>\n<\/div><div class=\"team-social  flat\" ><\/div><\/div><\/div><\/div><\/div>\n<\/div><\/div>\n","protected":false},"excerpt":{"rendered":"","protected":false},"author":1,"featured_media":0,"parent":0,"menu_order":0,"comment_status":"closed","ping_status":"closed","template":"","meta":[],"_links":{"self":[{"href":"http:\/\/www.neuroepigenetica.qb.fcen.uba.ar\/index.php?rest_route=\/wp\/v2\/pages\/43"}],"collection":[{"href":"http:\/\/www.neuroepigenetica.qb.fcen.uba.ar\/index.php?rest_route=\/wp\/v2\/pages"}],"about":[{"href":"http:\/\/www.neuroepigenetica.qb.fcen.uba.ar\/index.php?rest_route=\/wp\/v2\/types\/page"}],"author":[{"embeddable":true,"href":"http:\/\/www.neuroepigenetica.qb.fcen.uba.ar\/index.php?rest_route=\/wp\/v2\/users\/1"}],"replies":[{"embeddable":true,"href":"http:\/\/www.neuroepigenetica.qb.fcen.uba.ar\/index.php?rest_route=%2Fwp%2Fv2%2Fcomments&post=43"}],"version-history":[{"count":2,"href":"http:\/\/www.neuroepigenetica.qb.fcen.uba.ar\/index.php?rest_route=\/wp\/v2\/pages\/43\/revisions"}],"predecessor-version":[{"id":555,"href":"http:\/\/www.neuroepigenetica.qb.fcen.uba.ar\/index.php?rest_route=\/wp\/v2\/pages\/43\/revisions\/555"}],"wp:attachment":[{"href":"http:\/\/www.neuroepigenetica.qb.fcen.uba.ar\/index.php?rest_route=%2Fwp%2Fv2%2Fmedia&parent=43"}],"curies":[{"name":"wp","href":"https:\/\/api.w.org\/{rel}","templated":true}]}}