{"id":34,"date":"2017-01-20T07:20:41","date_gmt":"2017-01-20T10:20:41","guid":{"rendered":"http:\/\/www.neuroepigenetica.qb.fcen.uba.ar\/labo_wp\/?page_id=34"},"modified":"2017-02-09T11:14:27","modified_gmt":"2017-02-09T14:14:27","slug":"investigacion","status":"publish","type":"page","link":"http:\/\/www.neuroepigenetica.qb.fcen.uba.ar\/?page_id=34","title":{"rendered":"Investigaci\u00f3n"},"content":{"rendered":"<p><a href=\"http:\/\/www.neuroepigenetica.qb.fcen.uba.ar\/?page_id=27\">L\u00edneas de investigaci\u00f3n<\/a><\/p>\n<p><a href=\"http:\/\/www.neuroepigenetica.qb.fcen.uba.ar\/?page_id=65\">Publicaciones<\/a><\/p>\n<p><a href=\"http:\/\/www.neuroepigenetica.qb.fcen.uba.ar\/?page_id=99\">Tesis Doctorales<\/a><\/p>\n<p><a href=\"http:\/\/www.neuroepigenetica.qb.fcen.uba.ar\/?page_id=107\">Tesis de Maestr\u00eda<\/a><\/p>\n<p><a href=\"http:\/\/www.neuroepigenetica.qb.fcen.uba.ar\/?page_id=109\">Tesis de Licenciatura<\/a><\/p>\n","protected":false},"excerpt":{"rendered":"<p>L\u00edneas de investigaci\u00f3n Publicaciones Tesis Doctorales Tesis de Maestr\u00eda Tesis de Licenciatura<\/p>\n","protected":false},"author":1,"featured_media":0,"parent":0,"menu_order":0,"comment_status":"closed","ping_status":"closed","template":"","meta":[],"_links":{"self":[{"href":"http:\/\/www.neuroepigenetica.qb.fcen.uba.ar\/index.php?rest_route=\/wp\/v2\/pages\/34"}],"collection":[{"href":"http:\/\/www.neuroepigenetica.qb.fcen.uba.ar\/index.php?rest_route=\/wp\/v2\/pages"}],"about":[{"href":"http:\/\/www.neuroepigenetica.qb.fcen.uba.ar\/index.php?rest_route=\/wp\/v2\/types\/page"}],"author":[{"embeddable":true,"href":"http:\/\/www.neuroepigenetica.qb.fcen.uba.ar\/index.php?rest_route=\/wp\/v2\/users\/1"}],"replies":[{"embeddable":true,"href":"http:\/\/www.neuroepigenetica.qb.fcen.uba.ar\/index.php?rest_route=%2Fwp%2Fv2%2Fcomments&post=34"}],"version-history":[{"count":3,"href":"http:\/\/www.neuroepigenetica.qb.fcen.uba.ar\/index.php?rest_route=\/wp\/v2\/pages\/34\/revisions"}],"predecessor-version":[{"id":259,"href":"http:\/\/www.neuroepigenetica.qb.fcen.uba.ar\/index.php?rest_route=\/wp\/v2\/pages\/34\/revisions\/259"}],"wp:attachment":[{"href":"http:\/\/www.neuroepigenetica.qb.fcen.uba.ar\/index.php?rest_route=%2Fwp%2Fv2%2Fmedia&parent=34"}],"curies":[{"name":"wp","href":"https:\/\/api.w.org\/{rel}","templated":true}]}}