{"id":301,"date":"2017-06-27T12:03:25","date_gmt":"2017-06-27T15:03:25","guid":{"rendered":"http:\/\/www.neuroepigenetica.qb.fcen.uba.ar\/?page_id=301"},"modified":"2025-07-12T17:47:00","modified_gmt":"2025-07-12T20:47:00","slug":"curso-de-epigenetica","status":"publish","type":"page","link":"http:\/\/www.neuroepigenetica.qb.fcen.uba.ar\/?page_id=301","title":{"rendered":"Curso de Epigen\u00e9tica"},"content":{"rendered":"<h2 style=\"text-align: left;\">Epigen\u00e9tica: Interfase entre la gen\u00e9tica y el ambiente<\/h2>\n<p>El control epigen\u00e9tico de la expresi\u00f3n g\u00e9nica es esencial para el normal desarrollo de un organismo y para la adquisici\u00f3n de las distintas funciones celulares durante el proceso de diferenciaci\u00f3n. En los \u00faltimos a\u00f1os se ha puesto de manifiesto el papel de los mecanismos epigen\u00e9ticos en la relaci\u00f3n del individuo con el medio ambiente y la adquisici\u00f3n de fenotipos derivados de esta interacci\u00f3n as\u00ed como la potencial transferencia intergeneracional de estos fenotipos a trav\u00e9s de la conservaci\u00f3n de dichos mecanismos.<\/p>\n<p>El curso est\u00e1 orientado a que los estudiantes obtengan o actualicen los conocimientos sobre los mecanismos y modificaciones epigen\u00e9ticas involucrados en el desarrollo y la diferenciaci\u00f3n y en la adquisici\u00f3n de caracter\u00edsticas individuales. Se profundizar\u00e1 en el papel del medio ambiente sobre la regulaci\u00f3n de estos mecanismos y sobre como su desbalance, especialmente en per\u00edodos de vulnerabilidad, puede ser causa de diversas enfermedades metab\u00f3licas y neuropsiqui\u00e1tricas. A continuaci\u00f3n, se abordar\u00e1n los casos y sus mecanismos que han sido descriptos hasta ahora y que dan cuenta de la transferencia de los fenotipos adquiridos a sucesivas generaciones. Se dar\u00e1n nociones sobre las perspectivas sociales de la epigen\u00e9tica<\/p>\n<p><a href=\"http:\/\/www.neuroepigenetica.qb.fcen.uba.ar\/wp-content\/uploads\/2025\/07\/Curso-de-posgrado-Epigenetica-Interfase-entre-la-genetica-y-el-ambiente.-Programa-2025.pdf\">Curso de posgrado Epigen\u00e9tica, Interfase entre la gen\u00e9tica y el ambiente. Programa 2025<\/a><\/p>\n<p><a href=\"http:\/\/www.neuroepigenetica.qb.fcen.uba.ar\/wp-content\/uploads\/2025\/07\/Curso-de-Epigenetica-2025-Informacion-para-la-inscripcion.pdf\">Curso de Epigen\u00e9tica 2025-Informaci\u00f3n para la inscripci\u00f3n<\/a><\/p>\n\n\n<p><a href=\"http:\/\/www.neuroepigenetica.qb.fcen.uba.ar\/wp-content\/uploads\/2025\/07\/Curso-posgrado-Epigenetica-2025.pdf\">Curso Epigen\u00e9tica 2025 <\/a><\/p>\n","protected":false},"excerpt":{"rendered":"<p>Epigen\u00e9tica: Interfase entre la gen\u00e9tica y el ambiente El control epigen\u00e9tico de la expresi\u00f3n g\u00e9nica es esencial para el normal desarrollo de un organismo y para la adquisici\u00f3n de las distintas funciones celulares durante el proceso de diferenciaci\u00f3n. En los \u00faltimos a\u00f1os se ha puesto de manifiesto el papel de los mecanismos epigen\u00e9ticos en la &#8230; <a title=\"Curso de Epigen\u00e9tica\" class=\"read-more\" href=\"http:\/\/www.neuroepigenetica.qb.fcen.uba.ar\/?page_id=301\">Leer m\u00e1s<\/a><\/p>\n","protected":false},"author":1,"featured_media":0,"parent":0,"menu_order":0,"comment_status":"closed","ping_status":"closed","template":"","meta":[],"_links":{"self":[{"href":"http:\/\/www.neuroepigenetica.qb.fcen.uba.ar\/index.php?rest_route=\/wp\/v2\/pages\/301"}],"collection":[{"href":"http:\/\/www.neuroepigenetica.qb.fcen.uba.ar\/index.php?rest_route=\/wp\/v2\/pages"}],"about":[{"href":"http:\/\/www.neuroepigenetica.qb.fcen.uba.ar\/index.php?rest_route=\/wp\/v2\/types\/page"}],"author":[{"embeddable":true,"href":"http:\/\/www.neuroepigenetica.qb.fcen.uba.ar\/index.php?rest_route=\/wp\/v2\/users\/1"}],"replies":[{"embeddable":true,"href":"http:\/\/www.neuroepigenetica.qb.fcen.uba.ar\/index.php?rest_route=%2Fwp%2Fv2%2Fcomments&post=301"}],"version-history":[{"count":41,"href":"http:\/\/www.neuroepigenetica.qb.fcen.uba.ar\/index.php?rest_route=\/wp\/v2\/pages\/301\/revisions"}],"predecessor-version":[{"id":596,"href":"http:\/\/www.neuroepigenetica.qb.fcen.uba.ar\/index.php?rest_route=\/wp\/v2\/pages\/301\/revisions\/596"}],"wp:attachment":[{"href":"http:\/\/www.neuroepigenetica.qb.fcen.uba.ar\/index.php?rest_route=%2Fwp%2Fv2%2Fmedia&parent=301"}],"curies":[{"name":"wp","href":"https:\/\/api.w.org\/{rel}","templated":true}]}}