{"id":27,"date":"2017-01-20T07:11:27","date_gmt":"2017-01-20T10:11:27","guid":{"rendered":"http:\/\/www.neuroepigenetica.qb.fcen.uba.ar\/labo_wp\/?page_id=27"},"modified":"2022-01-24T19:10:04","modified_gmt":"2022-01-24T22:10:04","slug":"lineas-de-investigacion","status":"publish","type":"page","link":"http:\/\/www.neuroepigenetica.qb.fcen.uba.ar\/?page_id=27","title":{"rendered":"L\u00edneas de investigaci\u00f3n"},"content":{"rendered":"<h3>Regulaci\u00f3n epigen\u00e9tica y el desarrollo de capacidades cognitivas y socio-emotivas en condiciones de malnutrici\u00f3n perinatal<\/h3>\n<p>La nutrici\u00f3n durante el desarrollo y el principio de la vida extrauterina constituye una de las variables m\u00e1s importantes que influyen sobre la formaci\u00f3n, crecimiento y organizaci\u00f3n funcional de un organismo. Una alimentaci\u00f3n deficiente durante este primer per\u00edodo de vida redunda en un desarrollo inadecuado del cerebro, \u00f3rgano que est\u00e1 gen\u00e9ticamente programado para crecer m\u00e1s r\u00e1pidamente que el resto del organismo, conduciendo a cambios en su estructura y funci\u00f3n. Como consecuencia de la desnutrici\u00f3n hay menor n\u00famero de neuronas y de sinapsis, una menor densidad de la arborizaci\u00f3n dendr\u00edtica y de la mielinizaci\u00f3n y una disminuci\u00f3n de la corteza cerebral todo lo cual resulta en una disminuci\u00f3n del tama\u00f1o del cerebro. Estas alteraciones del sistema nervioso est\u00e1n asociadas con defectos en las funciones motoras y cognitivas provocando deficiencias en el aprendizaje y la memoria y como consecuencia un bajo desempe\u00f1o escolar y una reducci\u00f3n de las habilidades sociales.<\/p>\n<p>El objetivo general del proyecto consiste en el estudio de las bases celulares y moleculares del d\u00e9ficit cognitivo y emocional en ratones causado por un estado de malnutrici\u00f3n hipoproteica en la etapa perinatal. As\u00ed mismo evaluar la influencia del medio ambiente y la interacci\u00f3n entre ambos factores. Los resultados del proyecto se\u00f1alar\u00e1n potenciales blancos de acci\u00f3n para tratar de revertir las deficiencias cognitivas y de comportamiento derivadas de la malnutrici\u00f3n hipoproteica, una condici\u00f3n habitual en los sectores m\u00e1s desfavorecidos de la poblaci\u00f3n.<\/p>\n<hr \/>\n<h3>Efectos del consumo abusivo de pasta base de coca\u00edna en adolescentes: Conectividad cerebral, funcionalidad de l\u00f3bulos frontales y perfil global de expresi\u00f3n g\u00e9nica<\/h3>\n<p><em>Este proyecto se lleva a cabo en colaboraci\u00f3n con el grupo de Agust\u00edn Ib\u00e1\u00f1ez del Laboratorio de Psicolog\u00eda Experimental y Neurociencias del Instituto de Neurolog\u00eda Cognitiva (INECO)<\/em><\/p>\n<p>La instalaci\u00f3n y difusi\u00f3n del consumo de la Pasta Base de Coca\u00edna (PBC) en la Argentina se produce a partir de la crisis econ\u00f3mica de 2001\/2002 que gener\u00f3 un fuerte quiebre en la situaci\u00f3n social y sistemas de salud, representando en la actualidad un serio problema, no s\u00f3lo para nuestro pa\u00eds, sino para toda la regi\u00f3n. Es as\u00ed que hoy en d\u00eda la PBC es la tercera sustancia ilegal m\u00e1s consumida, solo precedida por la marihuana y el clorhidrato de coca\u00edna. Debido a su bajo costo su utilizaci\u00f3n se encuentra concentrada en las zonas m\u00e1s vulnerables desde el punto de vista social, econ\u00f3mico y educativo. Es as\u00ed que el consumo abusivo de PBC afecta a una poblaci\u00f3n doblemente vulnerable: adolescentes en riesgo social.<\/p>\n<p>La adolescencia es una etapa de significativo desarrollo cerebral, particularmente en los l\u00f3bulos frontales, la am\u00edgdala y en el eje hip\u00f3fisis, pituitaria, adrenal (HPA), y caracterizada por la impulsividad y la toma de riesgos. Esto sugiere que los procesos cognitivos y emocionales que son regulados por estas \u00e1reas cerebrales son m\u00e1s sensibles durante la adolescencia cuando el individuo es expuesto a situaciones de estr\u00e9s. El consumo cr\u00f3nico de PBC produce un deterioro biopsicosocial intenso. Debido a su composici\u00f3n, algunos de los efectos producidos por la PBC son tambi\u00e9n observados en consumidores de coca\u00edna en su forma de clorhidrato. No obstante, el perfil psiqui\u00e1trico de los consumidores de PBC es sustancialmente diferente. Los cambios de conducta, el aumento de la impulsividad y la agresividad, as\u00ed como la adicci\u00f3n intensa que genera esta droga, distinguen cl\u00ednicamente al consumidor de PBC del resto de usuarios de drogas de abuso. Hasta el momento hay escasa informaci\u00f3n cient\u00edfica publicada sobre las acciones neurobiol\u00f3gicas de esta droga, que pudieran explicar su gran potencial adictivo y el deterioro cognitivo que genera en sus usuarios luego del consumo cr\u00f3nico.<\/p>\n<p>Los objetivos generales del proyecto consisten en realizar una caracterizaci\u00f3n del perfil psiqui\u00e1trico y psicol\u00f3gico de una poblaci\u00f3n de adolescentes de ambos sexos consumidores de PBC del Gran Buenos Aires y analizar el impacto sobre la estructura y funcionalidad de los l\u00f3bulos frontales en relaci\u00f3n con la cognici\u00f3n y sus correlatos cerebrales de interocepci\u00f3n, atenci\u00f3n y toma de decisiones. Paralelamente, evaluar su asociaci\u00f3n con alteraciones en la expresi\u00f3n g\u00e9nica como potenciales causas y\/o marcadores de las perturbaciones observadas.<\/p>\n<hr \/>\n<h3>Impacto del consumo de PBC sobre las capacidades cognitivas y sociales y el perfil global de expresi\u00f3n g\u00e9nica en un modelo animal<\/h3>\n<p>La pasta base de coca\u00edna es una droga con un elevado potencial adictivo. Pese a esto existen muy pocos estudios experimentales centrados en el mecanismo de acci\u00f3n de la misma sobre el sistema nervioso. Evidencias epidemiol\u00f3gicas indican que la pasta base de coca\u00edna provoca alteraciones en la conducta de sus usuarios, dejando graves consecuencias psicol\u00f3gicas. Nuestro objetivo es establecer un modelo de consumo de pasta base en roedores, con el fin de estudiar su efecto sobre la conducta y la cognici\u00f3n, junto con las bases moleculares de las alteraciones observadas. Los resultados obtenidos en este modelo se comparar\u00e1n con lo observado en humanos en un proyecto asociado al presente. Esto nos servir\u00e1 para intentar dilucidar cu\u00e1les son las caracter\u00edsticas gen\u00e9ticas y\/o epigen\u00e9ticas que predisponen a los individuos a la adicci\u00f3n.<\/p>\n<p>Los objetivos inmediatos relacionados con el presente plan son estudiar la sensibilizaci\u00f3n comportamental asociada al consumo de pasta base, cu\u00e1les son las alteraciones epigen\u00e9ticas subyacentes, c\u00f3mo el consumo cr\u00f3nico de pasta base modifica la actividad cerebral, los comportamientos sociales y el cuidado materno en un modelo murino. Adem\u00e1s estudiaremos el efecto de esta droga a nivel cognitivo, debido a que este aspecto no ha sido abordado por trabajos anteriores. Por \u00faltimo evaluaremos si las alteraciones observadas en ratones expuestos a pasta base se ven reflejadas en alg\u00fan nivel en la descendencia.<\/p>\n<hr \/>\n<h3>Maltrato infantil: asociaci\u00f3n de cambios en el epigenoma con des\u00f3rdenes en la salud mental y la intervenci\u00f3n psicoterap\u00e9utica<\/h3>\n<p><em>Esta l\u00ednea de investigaci\u00f3n se realiza en colaboraci\u00f3n con la Unidad de Violencia Familiar del Hospital General de Ni\u00f1os Pedro de Elizalde (ex Casa Cuna)<\/em><\/p>\n<p>El maltrato infantil, entendido como la exposici\u00f3n a situaciones de abuso y de negligencia en el cuidado, es una de las adversidades con consecuencias m\u00e1s delet\u00e9reas, persistentes y extendidas que afectan la salud f\u00edsica y mental de los individuos. El maltrato comprende el sometimiento a actos abusivos ya sea f\u00edsicos, sexuales o emocionales, y a episodios de negligencia de tipo f\u00edsico o emocional. Los menores maltratados presentan un mayor riesgo de sufrir trastornos psiqui\u00e1tricos y una disminuci\u00f3n en sus capacidades cognitivas y emotivas y que, por su prevalencia, representa un problema de salud p\u00fablica y socioecon\u00f3mico preocupante. Estudios epidemiol\u00f3gicos longitudinales demuestran que las secuelas que acompa\u00f1an al maltrato no s\u00f3lo resultan en consecuencias adversas durante la infancia y la adolescencia, sino que representan un factor de riesgo para el desarrollo de numerosas psicopatolog\u00edas en la adultez incluyendo depresi\u00f3n, des\u00f3rdenes relacionados con estr\u00e9s postraum\u00e1tico, agresividad, des\u00f3rdenes de la personalidad y de la sociabilidad entre otros. Mientras que las consecuencias cl\u00ednicas del maltrato han sido caracterizadas, los mecanismos por medio de los cuales es afectada la salud mental a\u00fan no han sido determinados. Los mecanismos epigen\u00e9ticos, asociados a la interacci\u00f3n con el ambiente, representan una forma de \u201cmemoria molecular\u201d que pueden modificar el desarrollo y funciones del cerebro por largos per\u00edodos de tiempo y pueden constituirse, adem\u00e1s, como biomarcadores de fenotipos comportamentales derivados de esta adversidad.<\/p>\n<p>El objetivo general del proyecto consiste en determinar cambios en el epigenoma asociados con la manifestaci\u00f3n de trastornos en la salud mental derivados del maltrato infantil de modo de obtener conocimiento sobre los mecanismos moleculares que median las causas con las consecuencias y, posteriormente, si estos cambios en el epigenoma se revierten por la intervenci\u00f3n terap\u00e9utica. La meta primaria deseada consiste en la identificaci\u00f3n de biomarcadores con potencial valor indicativo, de pron\u00f3stico y de seguimiento.<\/p>\n<hr \/>\n<h3>Vulnerabilidad social: Factores gen\u00e9ticos y epigen\u00e9ticos que median las consecuencias neurobiol\u00f3gicas y cl\u00ednicas<\/h3>\n\n\n<p><\/p>\n","protected":false},"excerpt":{"rendered":"<p>Regulaci\u00f3n epigen\u00e9tica y el desarrollo de capacidades cognitivas y socio-emotivas en condiciones de malnutrici\u00f3n perinatal La nutrici\u00f3n durante el desarrollo y el principio de la vida extrauterina constituye una de las variables m\u00e1s importantes que influyen sobre la formaci\u00f3n, crecimiento y organizaci\u00f3n funcional de un organismo. Una alimentaci\u00f3n deficiente durante este primer per\u00edodo de vida &#8230; <a title=\"L\u00edneas de investigaci\u00f3n\" class=\"read-more\" href=\"http:\/\/www.neuroepigenetica.qb.fcen.uba.ar\/?page_id=27\">Leer m\u00e1s<\/a><\/p>\n","protected":false},"author":1,"featured_media":0,"parent":0,"menu_order":0,"comment_status":"closed","ping_status":"closed","template":"","meta":[],"_links":{"self":[{"href":"http:\/\/www.neuroepigenetica.qb.fcen.uba.ar\/index.php?rest_route=\/wp\/v2\/pages\/27"}],"collection":[{"href":"http:\/\/www.neuroepigenetica.qb.fcen.uba.ar\/index.php?rest_route=\/wp\/v2\/pages"}],"about":[{"href":"http:\/\/www.neuroepigenetica.qb.fcen.uba.ar\/index.php?rest_route=\/wp\/v2\/types\/page"}],"author":[{"embeddable":true,"href":"http:\/\/www.neuroepigenetica.qb.fcen.uba.ar\/index.php?rest_route=\/wp\/v2\/users\/1"}],"replies":[{"embeddable":true,"href":"http:\/\/www.neuroepigenetica.qb.fcen.uba.ar\/index.php?rest_route=%2Fwp%2Fv2%2Fcomments&post=27"}],"version-history":[{"count":5,"href":"http:\/\/www.neuroepigenetica.qb.fcen.uba.ar\/index.php?rest_route=\/wp\/v2\/pages\/27\/revisions"}],"predecessor-version":[{"id":479,"href":"http:\/\/www.neuroepigenetica.qb.fcen.uba.ar\/index.php?rest_route=\/wp\/v2\/pages\/27\/revisions\/479"}],"wp:attachment":[{"href":"http:\/\/www.neuroepigenetica.qb.fcen.uba.ar\/index.php?rest_route=%2Fwp%2Fv2%2Fmedia&parent=27"}],"curies":[{"name":"wp","href":"https:\/\/api.w.org\/{rel}","templated":true}]}}