{"id":232,"date":"2017-01-19T10:29:31","date_gmt":"2017-01-19T13:29:31","guid":{"rendered":"http:\/\/www.neuroepigenetica.qb.fcen.uba.ar\/labo_wp\/?page_id=2"},"modified":"2019-05-27T15:16:55","modified_gmt":"2019-05-27T18:16:55","slug":"pagina-ejemplo-2","status":"publish","type":"page","link":"http:\/\/www.neuroepigenetica.qb.fcen.uba.ar\/","title":{"rendered":"P\u00e1gina de inicio"},"content":{"rendered":"<h3 style=\"text-align: right;\"><em><img decoding=\"async\" loading=\"lazy\" class=\"alignnone wp-image-409 size-large\" src=\"http:\/\/www.neuroepigenetica.qb.fcen.uba.ar\/wp-content\/uploads\/2019\/05\/Foto-labo-abril-2019-1024x683.jpg\" alt=\"\" width=\"1024\" height=\"683\" srcset=\"http:\/\/www.neuroepigenetica.qb.fcen.uba.ar\/wp-content\/uploads\/2019\/05\/Foto-labo-abril-2019-1024x683.jpg 1024w, http:\/\/www.neuroepigenetica.qb.fcen.uba.ar\/wp-content\/uploads\/2019\/05\/Foto-labo-abril-2019-300x200.jpg 300w, http:\/\/www.neuroepigenetica.qb.fcen.uba.ar\/wp-content\/uploads\/2019\/05\/Foto-labo-abril-2019-768x512.jpg 768w, http:\/\/www.neuroepigenetica.qb.fcen.uba.ar\/wp-content\/uploads\/2019\/05\/Foto-labo-abril-2019.jpg 1280w\" sizes=\"(max-width: 1024px) 100vw, 1024px\" \/><\/em><\/h3>\n<h3 style=\"text-align: right;\"><em>Transformar la realidad a trav\u00e9s de la investigaci\u00f3n cient\u00edfica<\/em><\/h3>\n<hr \/>\n<p>El laboratorio de Neuroepigen\u00e9tica forma parte del Departamento de Qu\u00edmica Biol\u00f3gica de la Facultad de Ciencias Exactas y Naturales de la Universidad de Buenos Aires y est\u00e1 dirigido por el Dr. Eduardo Tom\u00e1s C\u00e1nepa.<\/p>\n<p>Su misi\u00f3n es realizar tareas de investigaci\u00f3n y docencia en las \u00e1reas de Biolog\u00eda Molecular, Epigen\u00e9tica y Neurociencia y participar de la formaci\u00f3n de recursos humanos por medio de la direcci\u00f3n de Tesis de Doctorales, de Maestr\u00eda y de Licenciatura.<\/p>\n<p>En particular se enfoca en el estudio del impacto de las adversidades tempranas y el estr\u00e9s perinatal sobre el cerebro y el comportamiento, buscando comprender los mecanismos epigen\u00e9ticos que subyacen estos procesos mediante la regulaci\u00f3n de la expresi\u00f3n de los genes. Entre los mecanismos estudiados se encuentran las deacetilasas de histonas (HDACs), la metilaci\u00f3n del ADN y los micro-ARN (mi-RNAs).<\/p>\n<p>Nuestro compromiso es con la Educaci\u00f3n P\u00fablica y la generaci\u00f3n de conocimientos y su extensi\u00f3n a la sociedad donde nos insertamos con el objetivo de mejorarla.<\/p>\n","protected":false},"excerpt":{"rendered":"<p>Transformar la realidad a trav\u00e9s de la investigaci\u00f3n cient\u00edfica El laboratorio de Neuroepigen\u00e9tica forma parte del Departamento de Qu\u00edmica Biol\u00f3gica de la Facultad de Ciencias Exactas y Naturales de la Universidad de Buenos Aires y est\u00e1 dirigido por el Dr. Eduardo Tom\u00e1s C\u00e1nepa. Su misi\u00f3n es realizar tareas de investigaci\u00f3n y docencia en las \u00e1reas &#8230; <a title=\"P\u00e1gina de inicio\" class=\"read-more\" href=\"http:\/\/www.neuroepigenetica.qb.fcen.uba.ar\/\">Leer m\u00e1s<\/a><\/p>\n","protected":false},"author":1,"featured_media":0,"parent":0,"menu_order":0,"comment_status":"closed","ping_status":"open","template":"","meta":[],"_links":{"self":[{"href":"http:\/\/www.neuroepigenetica.qb.fcen.uba.ar\/index.php?rest_route=\/wp\/v2\/pages\/232"}],"collection":[{"href":"http:\/\/www.neuroepigenetica.qb.fcen.uba.ar\/index.php?rest_route=\/wp\/v2\/pages"}],"about":[{"href":"http:\/\/www.neuroepigenetica.qb.fcen.uba.ar\/index.php?rest_route=\/wp\/v2\/types\/page"}],"author":[{"embeddable":true,"href":"http:\/\/www.neuroepigenetica.qb.fcen.uba.ar\/index.php?rest_route=\/wp\/v2\/users\/1"}],"replies":[{"embeddable":true,"href":"http:\/\/www.neuroepigenetica.qb.fcen.uba.ar\/index.php?rest_route=%2Fwp%2Fv2%2Fcomments&post=232"}],"version-history":[{"count":6,"href":"http:\/\/www.neuroepigenetica.qb.fcen.uba.ar\/index.php?rest_route=\/wp\/v2\/pages\/232\/revisions"}],"predecessor-version":[{"id":412,"href":"http:\/\/www.neuroepigenetica.qb.fcen.uba.ar\/index.php?rest_route=\/wp\/v2\/pages\/232\/revisions\/412"}],"wp:attachment":[{"href":"http:\/\/www.neuroepigenetica.qb.fcen.uba.ar\/index.php?rest_route=%2Fwp%2Fv2%2Fmedia&parent=232"}],"curies":[{"name":"wp","href":"https:\/\/api.w.org\/{rel}","templated":true}]}}